{"id":1577,"date":"2019-10-31T12:17:32","date_gmt":"2019-10-31T09:17:32","guid":{"rendered":"http:\/\/www.pricerest.com\/?page_id=1577"},"modified":"2022-11-14T13:42:27","modified_gmt":"2022-11-14T10:42:27","slug":"fiyatlar","status":"publish","type":"page","link":"https:\/\/www.pricerest.com\/tr\/fiyatlar\/","title":{"rendered":"Fiyatlar"},"content":{"rendered":"\n<h2 class=\"has-text-align-center has-text-color has-custom-size has-custom-weight has-custom-lineheight has-custom-letterspacing wp-block-heading\" style=\"line-height:1.32;letter-spacing:0.5px;font-weight:bold;font-size:34px;color:#cf2e2e\">PriceRest Avantajl\u0131 Fiyatlar\u0131<\/h2>\n\n\n\n<p class=\"has-text-align-center has-very-dark-gray-color has-text-color has-medium-font-size\">PriceRest temel hesab\u0131, fiyatlar\u0131n\u0131z\u0131 izlemek i\u00e7in yeterli olan varsay\u0131lan \u00f6zelliklerle birlikte gelir, ancak \u00f6zel ihtiya\u00e7lar\u0131n\u0131z i\u00e7in baz\u0131 geli\u015fmi\u015f \u00f6zelliklere de sahiptir. <br>Daha Fazlas\u0131 \u0130\u00e7in Bizimle \u0130leti\u015fime Ge\u00e7in!<br><br><\/p>\n\n\n\n<div class=\"wp-block-columns alignwide has-2-columns is-layout-flex wp-container-core-columns-is-layout-1 wp-block-columns-is-layout-flex\">\n<div class=\"wp-block-column is-layout-flow wp-block-column-is-layout-flow\">\n<div class=\"wp-block-coblocks-features coblocks-features-931181210981\"><div class=\"wp-block-coblocks-features__inner has-columns has-2-columns has-responsive-columns has-center-content has-large-gutter\">\n<div class=\"wp-block-coblocks-feature coblocks-feature-93118121114\"><div class=\"wp-block-coblocks-feature__inner has-no-padding\"><div class=\"wp-block-coblocks-icon\">\n\t\t\t\t<div class=\"wp-block-coblocks-icon__inner has-text-color has-very-dark-gray-color\" style=\"height: 32px; width: 32px;\">\n\t\t\t\t\t<svg fill=\"none\" viewBox=\"0 0 20 20\" xmlns=\"http:\/\/www.w3.org\/2000\/svg\"><path d=\"m15.5555556 14.4444444-4.4444445-4.4444444v-3.53333333c1.2888889-.46666667 2.2222222-1.68888889 2.2222222-3.13333334 0-1.84444444-1.4888889-3.33333333-3.3333333-3.33333333-1.84444444 0-3.33333333 1.48888889-3.33333333 3.33333333 0 1.44444445.93333333 2.66666667 2.22222222 3.13333334v3.53333333l-4.44444445 4.4444444h-4.44444444v5.5555556h5.55555556v-3.3888889l4.44444444-4.6666667 4.4444444 4.6666667v3.3888889h5.5555556v-5.5555556z\" fill=\"currentColor\" \/><\/svg>\n\t\t\t\t<\/div>\n\t\t\t<\/div>\n\n\n<h4 class=\"wp-block-heading\">Ak\u0131ll\u0131 \u00dcr\u00fcn Katalo\u011fu<\/h4>\n<\/div><\/div>\n\n\n\n<div class=\"wp-block-coblocks-feature coblocks-feature-93118121117\"><div class=\"wp-block-coblocks-feature__inner has-no-padding\"><div class=\"wp-block-coblocks-icon\">\n\t\t\t\t<div class=\"wp-block-coblocks-icon__inner has-text-color has-very-dark-gray-color\" style=\"height: 32px; width: 32px;\">\n\t\t\t\t\t<svg fill=\"none\" viewBox=\"0 0 24 24\" xmlns=\"http:\/\/www.w3.org\/2000\/svg\">\n\t<path fill-rule=\"evenodd\" clip-rule=\"evenodd\" d=\"M8.13877 4.50131L15.7841 4.5C17.2301 4.49975 17.7552 4.65057 18.2852 4.93385C18.8153 5.21712 19.2322 5.63288 19.5174 6.16268C19.8027 6.69248 19.9558 7.21802 19.9628 8.66734L19.9998 16.3299C20.0068 17.7793 19.8587 18.3048 19.5786 18.8347C19.2984 19.3646 18.8855 19.7805 18.3582 20.064C17.8309 20.3475 17.3073 20.4984 15.8612 20.4987L8.21593 20.5C6.76988 20.5002 6.24478 20.3494 5.71476 20.0662C5.18474 19.7829 4.76784 19.3671 4.48256 18.8373C4.19728 18.3075 4.04418 17.782 4.03719 16.3327L4.00024 8.67006C3.99325 7.22074 4.14128 6.69516 4.42145 6.16526C4.70162 5.63536 5.11451 5.21946 5.64179 4.936C6.16908 4.65255 6.69272 4.50155 8.13877 4.50131V4.50131ZM7.55556 7.16667C7.06464 7.16667 6.66667 7.56464 6.66667 8.05556V16.9444C6.66667 17.4354 7.06464 17.8333 7.55556 17.8333H10.2222C10.7131 17.8333 11.1111 17.4354 11.1111 16.9444V8.05556C11.1111 7.56464 10.7131 7.16667 10.2222 7.16667H7.55556ZM13.7778 13.3889C13.2869 13.3889 12.8889 13.7869 12.8889 14.2778V16.9444C12.8889 17.4354 13.2869 17.8333 13.7778 17.8333H16.4444C16.9354 17.8333 17.3333 17.4354 17.3333 16.9444V14.2778C17.3333 13.7869 16.9354 13.3889 16.4444 13.3889H13.7778ZM13.7778 7.16667C13.2869 7.16667 12.8889 7.56464 12.8889 8.05556V10.7222C12.8889 11.2131 13.2869 11.6111 13.7778 11.6111H16.4444C16.9354 11.6111 17.3333 11.2131 17.3333 10.7222V8.05556C17.3333 7.56464 16.9354 7.16667 16.4444 7.16667H13.7778Z\" fill=\"currentColor\"\/>\n<\/svg>\n\n\t\t\t\t<\/div>\n\t\t\t<\/div>\n\n\n<h4 class=\"wp-block-heading\">Ak\u0131ll\u0131 \u00dcr\u00fcn \u00d6nerisi<\/h4>\n<\/div><\/div>\n<\/div><\/div>\n\n\n\n<p><\/p>\n<\/div>\n\n\n\n<div class=\"wp-block-column is-layout-flow wp-block-column-is-layout-flow\">\n<div class=\"wp-block-coblocks-features coblocks-features-931181216695\"><div class=\"wp-block-coblocks-features__inner has-columns has-2-columns has-responsive-columns has-center-content has-large-gutter\">\n<div class=\"wp-block-coblocks-feature coblocks-feature-931181216721\"><div class=\"wp-block-coblocks-feature__inner has-no-padding\"><div class=\"wp-block-coblocks-icon\">\n\t\t\t\t<div class=\"wp-block-coblocks-icon__inner has-text-color has-very-dark-gray-color\" style=\"height: 32px; width: 32px;\">\n\t\t\t\t\t<svg fill=\"none\" viewBox=\"0 0 20 20\" xmlns=\"http:\/\/www.w3.org\/2000\/svg\"><path d=\"m4.08163265 16.3265306c-2.25510204 0-4.08163265-1.8265306-4.08163265-4.0816326 0-2.25510208 1.82653061-4.08163269 4.08163265-4.08163269s4.08163266 1.82653061 4.08163266 4.08163269c0 2.255102-1.82653062 4.0816326-4.08163266 4.0816326zm0-6.122449c-1.12244898 0-2.04081632.9183674-2.04081632 2.0408164 0 1.1224489.91836734 2.0408163 2.04081632 2.0408163s2.04081633-.9183674 2.04081633-2.0408163c0-1.122449-.91836735-2.0408164-2.04081633-2.0408164zm7.08163265-2.04081629c-2.25510203 0-4.08163265-1.82653062-4.08163265-4.08163266s1.82653062-4.08163265 4.08163265-4.08163265c2.255102 0 4.0816327 1.82653061 4.0816327 4.08163265s-1.8265307 4.08163266-4.0816327 4.08163266zm0-6.12244898c-1.122449 0-2.04081632.91836734-2.04081632 2.04081632s.91836732 2.04081633 2.04081632 2.04081633 2.0408163-.91836735 2.0408163-2.04081633-.9183673-2.04081632-2.0408163-2.04081632zm4.7142857 17.95918367c-2.255102 0-4.0816326-1.8265306-4.0816326-4.0816327 0-2.255102 1.8265306-4.0816326 4.0816326-4.0816326 2.2551021 0 4.0816327 1.8265306 4.0816327 4.0816326 0 2.2551021-1.8265306 4.0816327-4.0816327 4.0816327zm0-6.122449c-1.122449 0-2.0408163.9183674-2.0408163 2.0408163 0 1.122449.9183673 2.0408164 2.0408163 2.0408164s2.0408163-.9183674 2.0408163-2.0408164c0-1.1224489-.9183673-2.0408163-2.0408163-2.0408163z\" fill=\"currentColor\" \/><\/svg>\n\t\t\t\t<\/div>\n\t\t\t<\/div>\n\n\n<h4 class=\"wp-block-heading\">\u00c7oklu Fiyat Kontrol\u00fc<\/h4>\n<\/div><\/div>\n\n\n\n<div class=\"wp-block-coblocks-feature coblocks-feature-931181216724\"><div class=\"wp-block-coblocks-feature__inner has-no-padding\"><div class=\"wp-block-coblocks-icon\">\n\t\t\t\t<div class=\"wp-block-coblocks-icon__inner has-text-color has-very-dark-gray-color\" style=\"height: 32px; width: 32px;\">\n\t\t\t\t\t<svg fill=\"none\" viewBox=\"0 0 20 20\" xmlns=\"http:\/\/www.w3.org\/2000\/svg\"><path d=\"m17.9645996 0h-15.99999999v2.5l8.12499999 7.5-8.12499999 7.5v2.5h15.99999999v-3.75h-9.74999999l6.24999999-6.25-6.24999999-6.25h9.74999999z\" fill=\"currentColor\" \/><\/svg>\n\t\t\t\t<\/div>\n\t\t\t<\/div>\n\n\n<h4 class=\"wp-block-heading\">Dinamik Fiyatlama<\/h4>\n<\/div><\/div>\n<\/div><\/div>\n\n\n\n<p><\/p>\n<\/div>\n<\/div>\n\n\n\n<div class=\"wp-block-coblocks-accordion\">\n<div class=\"wp-block-coblocks-accordion-item\"><\/div>\n<\/div>\n\n\n\n<hr class=\"wp-block-coblocks-dynamic-separator\" style=\"height:43px\"\/>\n\n\n\n<div class=\"wp-block-coblocks-pricing-table alignwide has-text-align-center\"><div class=\"wp-block-coblocks-pricing-table__inner has-columns has-3-columns has-responsive-columns has-medium-gutter\">\n<div class=\"wp-block-coblocks-pricing-table-item has-background has-light-green-cyan-background-color has-text-color has-very-dark-gray-color\"><span class=\"wp-block-coblocks-pricing-table-item__title\"><strong>Ba\u015flang\u0131\u00e7<\/strong><\/span><div class=\"wp-block-coblocks-pricing-table-item__price-wrapper\"><span class=\"wp-block-coblocks-pricing-table-item__currency\">USD\/Ay<\/span><span class=\"wp-block-coblocks-pricing-table-item__amount\"><strong>149<\/strong><\/span><\/div><ul class=\"wp-block-coblocks-pricing-table-item__features\"><li><strong>S\u0131n\u0131rs\u0131z<\/strong> &#8211; Toplam Rakip Say\u0131s\u0131<br\/><strong>100 <\/strong>&#8211; Toplam \u00dcr\u00fcn Say\u0131s\u0131<br\/><strong>1 <\/strong>&#8211; G\u00fcnl\u00fck fiyat Kontrol Say\u0131s\u0131<br\/>G\u00fcnl\u00fck Bilgilendirmeler<br\/>Fiyat Tarih\u00e7esi<br\/>Stok Durum Kontrol\u00fc<br\/> \u00dcr\u00fcn Maliyet Hesaplama<br\/>Fiyat \u0130hlal Bildirimi<br\/>Rakip \u00d6nerisi Ve Otomatik \u00dcr\u00fcn E\u015fleme<strong>*<\/strong><\/li><li><br\/><br\/><\/li><li><\/li><li><br\/><br\/><br\/><\/li><\/ul>\n<div class=\"wp-block-button is-style-fill\"><a class=\"wp-block-button__link\" href=\"https:\/\/app.pricerest.com\/#\/register\"><strong>14 G\u00fcn \u00dccretsiz Dene<\/strong><\/a><\/div>\n<\/div>\n\n\n\n<div class=\"wp-block-coblocks-pricing-table-item has-background has-cyan-bluish-gray-background-color has-text-color has-very-dark-gray-color\"><span class=\"wp-block-coblocks-pricing-table-item__title\"><strong>Profesyonel<\/strong><\/span><div class=\"wp-block-coblocks-pricing-table-item__price-wrapper\"><span class=\"wp-block-coblocks-pricing-table-item__currency\">USD\/Ay<\/span><span class=\"wp-block-coblocks-pricing-table-item__amount\"><strong>299<\/strong><\/span><\/div><ul class=\"wp-block-coblocks-pricing-table-item__features\"><li>  <strong>S\u0131n\u0131rs\u0131z<\/strong> &#8211;  Toplam Rakip Say\u0131s\u0131 <br\/> <strong>1.000<\/strong> &#8211; Toplam \u00dcr\u00fcn Say\u0131s\u0131 <br\/><strong>1<\/strong> &#8211; G\u00fcnl\u00fck Fiyat Kontrol Say\u0131s\u0131 <br\/>  G\u00fcnl\u00fck Bilgilendirmeler<\/li><li> Anl\u0131k Bilgilendirme<\/li><li>Anl\u0131k Fiyat Kontrol\u00fc<\/li><li>Fiyat Tarih\u00e7esi<\/li><li>  Stok Durum Kontrol\u00fc<\/li><li>\u00dcr\u00fcn Sat\u0131\u015f Analizi<\/li><li>Rakip \u00d6nerisi Ve Otomatik \u00dcr\u00fcn E\u015fleme<strong>*<\/strong><\/li><li>  \u00dcr\u00fcn Maliyet Hesaplama<\/li><li> Fiyat \u0130hlal Bildirimi<\/li><li> Dinamik Fiyatlama<br\/><\/li><li><br\/><br\/><\/li><\/ul>\n<div class=\"wp-block-button\"><a class=\"wp-block-button__link\" href=\"https:\/\/app.pricerest.com\/#\/register\"> <strong>14 G\u00fcn \u00dccretsiz Dene<\/strong><\/a><\/div>\n<\/div>\n\n\n\n<div class=\"wp-block-coblocks-pricing-table-item has-background has-vivid-red-background-color has-text-color\" style=\"color:#ffffff\"><span class=\"wp-block-coblocks-pricing-table-item__title\"><strong>Premium<\/strong><\/span><div class=\"wp-block-coblocks-pricing-table-item__price-wrapper\"><span class=\"wp-block-coblocks-pricing-table-item__currency\">USD\/Ay<\/span><span class=\"wp-block-coblocks-pricing-table-item__amount\"><strong>499<\/strong><\/span><\/div><ul class=\"wp-block-coblocks-pricing-table-item__features\"><li>  <strong>S\u0131n\u0131rs\u0131z<\/strong> &#8211;   Toplam Rakip Say\u0131s\u0131  <br\/><strong>5.000 <\/strong>&#8211; Toplam \u00dcr\u00fcn Say\u0131s\u0131  <br\/><strong>1<\/strong> &#8211; G\u00fcnl\u00fck Fiyat Kontrol Say\u0131s\u0131  <br\/>   Varyantl\u0131 \u00dcr\u00fcn Fiyat Kontrol\u00fc <\/li><li> G\u00fcnl\u00fck Bilgilendirmeler<\/li><li> Anl\u0131k Bilgilendirme<\/li><li> Anl\u0131k Fiyat Kontrol\u00fc<\/li><li>   Fiyat Tarih\u00e7esi <\/li><li>   Stok Durum Kontrol\u00fc<\/li><li> \u00dcr\u00fcn Sat\u0131\u015f Analizi<\/li><li> Rakip \u00d6nerisi Ve Otomatik \u00dcr\u00fcn E\u015fleme<strong>*<\/strong><\/li><li>   \u00dcr\u00fcn Maliyet Hesaplama<\/li><li> Fiyat \u0130hlal Bildirimi<\/li><li> Dinamik Fiyatlama<\/li><li><br\/><br\/><\/li><\/ul>\n<div class=\"wp-block-button\"><a class=\"wp-block-button__link\" href=\"https:\/\/app.pricerest.com\/#\/register\"> <strong>14 G\u00fcn \u00dccretsiz Dene<\/strong><\/a><\/div>\n<\/div>\n<\/div><\/div>\n\n\n\n<p class=\"has-text-align-center\">*\u0130lk hesap kurulumunda \u00fccretsizdir. Daha sonraki periyodik olarak otomatik rakip bulma ve e\u015fle\u015ftirme i\u015flemi ekstra \u00fccrete tabidir. <br>*<strong>API <\/strong>Deste\u011fi ekstra \u00fccrete tabidir. <\/p>\n\n\n\n<hr class=\"wp-block-coblocks-dynamic-separator\" style=\"height:43px\"\/>\n\n\n\n<div aria-label=\"List of logos\" class=\"wp-block-coblocks-logos\"><div class=\"wp-block-coblocks-logos__row\"><div style=\"width:27.6623%\"><img decoding=\"async\" alt=\"Price Rest\" data-id=\"1531\" data-width=\"27.6623%\" src=\"https:\/\/www.pricerest.com\/wp-content\/uploads\/2019\/10\/logo_gray.jpg\"\/><\/div><\/div><\/div>\n\n\n\n<p class=\"has-text-align-center has-custom-size has-very-dark-gray-color has-text-color\" style=\"font-size:24px\"><strong>We Are Best In Price Monitoring, Feel Free to Write Us<\/strong>.<\/p>\n\n\n\n<div class=\"wp-block-contact-widgets-contact-block\"><ul class=\"fields\"><li class=\"has-label\"><h4 class=\"contact-title\">PriceRest HQ Office<\/h4><\/li><li class=\"has-label\"><div><strong>Address<br\/><\/strong><div class=\"contact-address\">2225 E. Bayshore Road, Suite 200 Palo Alto , CA 94303<\/div><div class=\"has-map\"><iframe frameborder=\"0\" style=\"width:100%;min-height:205px\" src=\"https:\/\/www.google.com\/maps?q=2225%20E.%20Bayshore%20Road%2C%20Suite%20200%20Palo%20Alto%20%2C%20CA%2094303&amp;output=embed&amp;hl=%s&amp;z=14\"><\/iframe><\/div><\/div><\/li><li class=\"has-label\"><div><strong>Email<br\/><\/strong><div class=\"contact-email\"><a href=\"mailto:info@pricerest.com\">info@pricerest.com<\/a><\/div><\/div><\/li><\/ul><\/div>\n\n\n\n<hr class=\"wp-block-coblocks-dynamic-separator has-background has-luminous-vivid-orange-color is-style-fullwidth\" style=\"height:20px\"\/>\n\n\n\n<div class=\"wp-block-contact-widgets-contact-block\"><ul class=\"fields\"><li class=\"has-label\"><h4 class=\"contact-title\">PriceRest Ankara,TR Office<\/h4><\/li><li class=\"has-label\"><div><strong>Address<br\/><\/strong><div class=\"contact-address\">Ceyhun At\u0131f kansu cd 116\/B Balgat Ankara TURKEY<\/div><div class=\"has-map\"><iframe frameborder=\"0\" style=\"width:100%;min-height:205px\" src=\"https:\/\/www.google.com\/maps?q=Ceyhun%20At%C4%B1f%20kansu%20cd%20116%2FB%20Balgat%20Ankara%20TURKEY&amp;output=embed&amp;hl=%s&amp;z=14\"><\/iframe><\/div><\/div><\/li><li class=\"has-label\"><div><strong>Email<br\/><\/strong><div class=\"contact-email\"><a href=\"mailto:info@pricerest.com\">info@pricerest.com<\/a><\/div><\/div><\/li><\/ul><\/div>\n\n\n\n<ul class=\"wp-block-social-links aligncenter has-normal-icon-size is-layout-flex wp-block-social-links-is-layout-flex\"><li class=\"wp-social-link wp-social-link-facebook  wp-block-social-link\"><a rel=\"noopener nofollow\" target=\"_blank\" href=\"https:\/\/facebook.com\/sharer\/sharer.php?u=https%3A%2F%2Fwww.pricerest.com%2Ftr%2Ffiyatlar%2F&#038;title=Fiyatlar\" class=\"wp-block-social-link-anchor\"><svg width=\"24\" height=\"24\" viewBox=\"0 0 24 24\" version=\"1.1\" xmlns=\"http:\/\/www.w3.org\/2000\/svg\" aria-hidden=\"true\" focusable=\"false\"><path d=\"M12 2C6.5 2 2 6.5 2 12c0 5 3.7 9.1 8.4 9.9v-7H7.9V12h2.5V9.8c0-2.5 1.5-3.9 3.8-3.9 1.1 0 2.2.2 2.2.2v2.5h-1.3c-1.2 0-1.6.8-1.6 1.6V12h2.8l-.4 2.9h-2.3v7C18.3 21.1 22 17 22 12c0-5.5-4.5-10-10-10z\"><\/path><\/svg><span class=\"wp-block-social-link-label screen-reader-text\">Facebook\u2019ta Payla\u015f<\/span><\/a><\/li>\n\n<li class=\"wp-social-link wp-social-link-twitter  wp-block-social-link\"><a rel=\"noopener nofollow\" target=\"_blank\" href=\"https:\/\/twitter.com\/share?url=https%3A%2F%2Fwww.pricerest.com%2Ftr%2Ffiyatlar%2F&#038;link=Fiyatlar\" class=\"wp-block-social-link-anchor\"><svg width=\"24\" height=\"24\" viewBox=\"0 0 24 24\" version=\"1.1\" xmlns=\"http:\/\/www.w3.org\/2000\/svg\" aria-hidden=\"true\" focusable=\"false\"><path d=\"M22.23,5.924c-0.736,0.326-1.527,0.547-2.357,0.646c0.847-0.508,1.498-1.312,1.804-2.27 c-0.793,0.47-1.671,0.812-2.606,0.996C18.324,4.498,17.257,4,16.077,4c-2.266,0-4.103,1.837-4.103,4.103 c0,0.322,0.036,0.635,0.106,0.935C8.67,8.867,5.647,7.234,3.623,4.751C3.27,5.357,3.067,6.062,3.067,6.814 c0,1.424,0.724,2.679,1.825,3.415c-0.673-0.021-1.305-0.206-1.859-0.513c0,0.017,0,0.034,0,0.052c0,1.988,1.414,3.647,3.292,4.023 c-0.344,0.094-0.707,0.144-1.081,0.144c-0.264,0-0.521-0.026-0.772-0.074c0.522,1.63,2.038,2.816,3.833,2.85 c-1.404,1.1-3.174,1.756-5.096,1.756c-0.331,0-0.658-0.019-0.979-0.057c1.816,1.164,3.973,1.843,6.29,1.843 c7.547,0,11.675-6.252,11.675-11.675c0-0.178-0.004-0.355-0.012-0.531C20.985,7.47,21.68,6.747,22.23,5.924z\"><\/path><\/svg><span class=\"wp-block-social-link-label screen-reader-text\">Twitter&#039;da Payla\u015f<\/span><\/a><\/li>\n\n<li class=\"wp-social-link wp-social-link-pinterest  wp-block-social-link\"><a rel=\"noopener nofollow\" target=\"_blank\" href=\"https:\/\/pinterest.com\/pin\/create\/button\/?url=https%3A%2F%2Fwww.pricerest.com%2Ftr%2Ffiyatlar%2F&#038;description=Fiyatlar\" class=\"wp-block-social-link-anchor\"><svg width=\"24\" height=\"24\" viewBox=\"0 0 24 24\" version=\"1.1\" xmlns=\"http:\/\/www.w3.org\/2000\/svg\" aria-hidden=\"true\" focusable=\"false\"><path d=\"M12.289,2C6.617,2,3.606,5.648,3.606,9.622c0,1.846,1.025,4.146,2.666,4.878c0.25,0.111,0.381,0.063,0.439-0.169 c0.044-0.175,0.267-1.029,0.365-1.428c0.032-0.128,0.017-0.237-0.091-0.362C6.445,11.911,6.01,10.75,6.01,9.668 c0-2.777,2.194-5.464,5.933-5.464c3.23,0,5.49,2.108,5.49,5.122c0,3.407-1.794,5.768-4.13,5.768c-1.291,0-2.257-1.021-1.948-2.277 c0.372-1.495,1.089-3.112,1.089-4.191c0-0.967-0.542-1.775-1.663-1.775c-1.319,0-2.379,1.309-2.379,3.059 c0,1.115,0.394,1.869,0.394,1.869s-1.302,5.279-1.54,6.261c-0.405,1.666,0.053,4.368,0.094,4.604 c0.021,0.126,0.167,0.169,0.25,0.063c0.129-0.165,1.699-2.419,2.142-4.051c0.158-0.59,0.817-2.995,0.817-2.995 c0.43,0.784,1.681,1.446,3.013,1.446c3.963,0,6.822-3.494,6.822-7.833C20.394,5.112,16.849,2,12.289,2\"><\/path><\/svg><span class=\"wp-block-social-link-label screen-reader-text\">Pinterest&#039;te Payla\u015f<\/span><\/a><\/li>\n\n<li class=\"wp-social-link wp-social-link-linkedin  wp-block-social-link\"><a rel=\"noopener nofollow\" target=\"_blank\" href=\"https:\/\/linkedin.com\/shareArticle?url=https%3A%2F%2Fwww.pricerest.com%2Ftr%2Ffiyatlar%2F&#038;title=Fiyatlar\" class=\"wp-block-social-link-anchor\"><svg width=\"24\" height=\"24\" viewBox=\"0 0 24 24\" version=\"1.1\" xmlns=\"http:\/\/www.w3.org\/2000\/svg\" aria-hidden=\"true\" focusable=\"false\"><path d=\"M19.7,3H4.3C3.582,3,3,3.582,3,4.3v15.4C3,20.418,3.582,21,4.3,21h15.4c0.718,0,1.3-0.582,1.3-1.3V4.3 C21,3.582,20.418,3,19.7,3z M8.339,18.338H5.667v-8.59h2.672V18.338z M7.004,8.574c-0.857,0-1.549-0.694-1.549-1.548 c0-0.855,0.691-1.548,1.549-1.548c0.854,0,1.547,0.694,1.547,1.548C8.551,7.881,7.858,8.574,7.004,8.574z M18.339,18.338h-2.669 v-4.177c0-0.996-0.017-2.278-1.387-2.278c-1.389,0-1.601,1.086-1.601,2.206v4.249h-2.667v-8.59h2.559v1.174h0.037 c0.356-0.675,1.227-1.387,2.526-1.387c2.703,0,3.203,1.779,3.203,4.092V18.338z\"><\/path><\/svg><span class=\"wp-block-social-link-label screen-reader-text\">LinkedIn\u2019de Payla\u015f<\/span><\/a><\/li>\n\n<li class=\"wp-social-link wp-social-link-email  wp-block-social-link\"><a rel=\"noopener nofollow\" target=\"_blank\" href=\"mailto:?body=https%3A%2F%2Fwww.pricerest.com%2Ftr%2Ffiyatlar%2F&#038;subject=Fiyatlar\" class=\"wp-block-social-link-anchor\"><svg width=\"24\" height=\"24\" xmlns=\"http:\/\/www.w3.org\/2000\/svg\" viewBox=\"0 0 24 24\"><path d=\"M9 11.8l6.1-4.5c.1.4.4.7.9.7h2c.6 0 1-.4 1-1V5c0-.6-.4-1-1-1h-2c-.6 0-1 .4-1 1v.4l-6.4 4.8c-.2-.1-.4-.2-.6-.2H6c-.6 0-1 .4-1 1v2c0 .6.4 1 1 1h2c.2 0 .4-.1.6-.2l6.4 4.8v.4c0 .6.4 1 1 1h2c.6 0 1-.4 1-1v-2c0-.6-.4-1-1-1h-2c-.5 0-.8.3-.9.7L9 12.2v-.4z\"\/><\/svg><span class=\"wp-block-social-link-label screen-reader-text\">E-posta ile payla\u015f<\/span><\/a><\/li>\n\n<li class=\"wp-social-link wp-social-link-tumblr  wp-block-social-link\"><a rel=\"noopener nofollow\" target=\"_blank\" href=\"https:\/\/tumblr.com\/share\/link?url=https%3A%2F%2Fwww.pricerest.com%2Ftr%2Ffiyatlar%2F&#038;name=Fiyatlar\" class=\"wp-block-social-link-anchor\"><svg width=\"24\" height=\"24\" viewBox=\"0 0 24 24\" version=\"1.1\" xmlns=\"http:\/\/www.w3.org\/2000\/svg\" aria-hidden=\"true\" focusable=\"false\"><path d=\"M17.04 21.28h-3.28c-2.84 0-4.94-1.37-4.94-5.02v-5.67H6.08V7.5c2.93-.73 4.11-3.3 4.3-5.48h3.01v4.93h3.47v3.65H13.4v4.93c0 1.47.73 2.01 1.92 2.01h1.73v3.75z\" \/><\/path><\/svg><span class=\"wp-block-social-link-label screen-reader-text\">Tumblr\u2019da Payla\u015f<\/span><\/a><\/li>\n\n<li class=\"wp-social-link wp-social-link-reddit  wp-block-social-link\"><a rel=\"noopener nofollow\" target=\"_blank\" href=\"https:\/\/reddit.com\/submit?url=https%3A%2F%2Fwww.pricerest.com%2Ftr%2Ffiyatlar%2F&#038;title=Fiyatlar\" class=\"wp-block-social-link-anchor\"><svg width=\"24\" height=\"24\" viewBox=\"0 0 24 24\" version=\"1.1\" xmlns=\"http:\/\/www.w3.org\/2000\/svg\" aria-hidden=\"true\" focusable=\"false\"><path d=\"M22 12.068a2.184 2.184 0 0 0-2.186-2.186c-.592 0-1.13.233-1.524.609-1.505-1.075-3.566-1.774-5.86-1.864l1.004-4.695 3.261.699A1.56 1.56 0 1 0 18.255 3c-.61-.001-1.147.357-1.398.877l-3.638-.77a.382.382 0 0 0-.287.053.348.348 0 0 0-.161.251l-1.112 5.233c-2.33.072-4.426.77-5.95 1.864a2.201 2.201 0 0 0-1.523-.61 2.184 2.184 0 0 0-.896 4.176c-.036.215-.053.43-.053.663 0 3.37 3.924 6.111 8.763 6.111s8.763-2.724 8.763-6.11c0-.216-.017-.449-.053-.664A2.207 2.207 0 0 0 22 12.068Zm-15.018 1.56a1.56 1.56 0 0 1 3.118 0c0 .86-.699 1.558-1.559 1.558-.86.018-1.559-.699-1.559-1.559Zm8.728 4.139c-1.076 1.075-3.119 1.147-3.71 1.147-.61 0-2.652-.09-3.71-1.147a.4.4 0 0 1 0-.573.4.4 0 0 1 .574 0c.68.68 2.114.914 3.136.914 1.022 0 2.473-.233 3.136-.914a.4.4 0 0 1 .574 0 .436.436 0 0 1 0 .573Zm-.287-2.563a1.56 1.56 0 0 1 0-3.118c.86 0 1.56.699 1.56 1.56 0 .841-.7 1.558-1.56 1.558Z\"><\/path><\/svg><span class=\"wp-block-social-link-label screen-reader-text\">Reddit\u2019te Payla\u015f<\/span><\/a><\/li><\/ul>\n","protected":false},"excerpt":{"rendered":"<p>PriceRest Avantajl\u0131 Fiyatlar\u0131 PriceRest temel hesab\u0131, fiyatlar\u0131n\u0131z\u0131 izlemek i\u00e7in yeterli olan varsay\u0131lan \u00f6zelliklerle birlikte gelir, ancak \u00f6zel ihtiya\u00e7lar\u0131n\u0131z i\u00e7in baz\u0131 geli\u015fmi\u015f \u00f6zelliklere de sahiptir. Daha Fazlas\u0131 \u0130\u00e7in Bizimle \u0130leti\u015fime Ge\u00e7in! &#8230;<\/p>\n","protected":false},"author":1,"featured_media":0,"parent":0,"menu_order":0,"comment_status":"closed","ping_status":"closed","template":"","meta":{"_coblocks_attr":"","_coblocks_dimensions":"{\"coblocks-hero-931122948432\":{\"padding\":{}},\"coblocks-hero-93112394517\":{\"padding\":{\"paddingTop\":\"60px\",\"paddingRight\":\"60px\",\"paddingBottom\":\"60px\",\"paddingLeft\":\"60px\",\"paddingTopTablet\":null,\"paddingRightTablet\":null,\"paddingBottomTablet\":null,\"paddingLeftTablet\":null,\"paddingTopMobile\":null,\"paddingRightMobile\":null,\"paddingBottomMobile\":null,\"paddingLeftMobile\":null}},\"coblocks-hero-931124324429\":{\"padding\":{}},\"coblocks-hero-931124641903\":{\"padding\":{}},\"coblocks-hero-931124658556\":{\"padding\":{}},\"coblocks-hero-9311247171\":{\"padding\":{}},\"coblocks-hero-93112473239\":{\"padding\":{}},\"coblocks-hero-931125211986\":{\"padding\":{}},\"coblocks-hero-931125558880\":{\"padding\":{}},\"coblocks-hero-93113343635\":{\"padding\":{}},\"coblocks-hero-93113346679\":{\"padding\":{}},\"coblocks-hero-93113348994\":{\"padding\":{}},\"coblocks-hero-931131143153\":{\"padding\":{}},\"coblocks-hero-931131145502\":{\"padding\":{}},\"coblocks-hero-931131147935\":{\"padding\":{}},\"coblocks-features-931174351570\":{\"padding\":{},\"margin\":{}},\"coblocks-feature-931174747861\":{\"padding\":{\"paddingTop\":\"px\",\"paddingRight\":\"px\",\"paddingBottom\":\"px\",\"paddingLeft\":\"px\",\"paddingTopTablet\":null,\"paddingRightTablet\":null,\"paddingBottomTablet\":null,\"paddingLeftTablet\":null,\"paddingTopMobile\":null,\"paddingRightMobile\":null,\"paddingBottomMobile\":null,\"paddingLeftMobile\":null}},\"coblocks-feature-931174351608\":{\"padding\":{\"paddingTop\":\"px\",\"paddingRight\":\"px\",\"paddingBottom\":\"px\",\"paddingLeft\":\"px\",\"paddingTopTablet\":null,\"paddingRightTablet\":null,\"paddingBottomTablet\":null,\"paddingLeftTablet\":null,\"paddingTopMobile\":null,\"paddingRightMobile\":null,\"paddingBottomMobile\":null,\"paddingLeftMobile\":null}}}","_coblocks_responsive_height":"{\"coblocks-hero-931122948432\":{\"height\":{\"height\":500}},\"coblocks-hero-93112394517\":{\"height\":{\"height\":500}},\"coblocks-hero-931125558880\":{\"height\":{\"height\":500}},\"coblocks-hero-931125619618\":{\"height\":{\"height\":500}},\"coblocks-hero-931125621965\":{\"height\":{\"height\":500}},\"coblocks-shape-divider-931175241337\":{\"shapeHeight\":{\"height\":10,\"heightMobile\":53},\"backgroundHeight\":{\"height\":0}},\"coblocks-shape-divider-931175947980\":{\"shapeHeight\":{\"height\":40},\"backgroundHeight\":{\"height\":38}},\"coblocks-shape-divider-93118828131\":{\"shapeHeight\":{\"height\":70},\"backgroundHeight\":{\"height\":20}},\"coblocks-shape-divider-931182014857\":{\"shapeHeight\":{\"height\":70},\"backgroundHeight\":{\"height\":20}}}","_coblocks_accordion_ie_support":"","footnotes":""},"aioseo_notices":[],"_links":{"self":[{"href":"https:\/\/www.pricerest.com\/tr\/wp-json\/wp\/v2\/pages\/1577"}],"collection":[{"href":"https:\/\/www.pricerest.com\/tr\/wp-json\/wp\/v2\/pages"}],"about":[{"href":"https:\/\/www.pricerest.com\/tr\/wp-json\/wp\/v2\/types\/page"}],"author":[{"embeddable":true,"href":"https:\/\/www.pricerest.com\/tr\/wp-json\/wp\/v2\/users\/1"}],"replies":[{"embeddable":true,"href":"https:\/\/www.pricerest.com\/tr\/wp-json\/wp\/v2\/comments?post=1577"}],"version-history":[{"count":219,"href":"https:\/\/www.pricerest.com\/tr\/wp-json\/wp\/v2\/pages\/1577\/revisions"}],"predecessor-version":[{"id":2954,"href":"https:\/\/www.pricerest.com\/tr\/wp-json\/wp\/v2\/pages\/1577\/revisions\/2954"}],"wp:attachment":[{"href":"https:\/\/www.pricerest.com\/tr\/wp-json\/wp\/v2\/media?parent=1577"}],"curies":[{"name":"wp","href":"https:\/\/api.w.org\/{rel}","templated":true}]}}